{"id":72,"date":"2024-02-05T15:44:28","date_gmt":"2024-02-05T14:44:28","guid":{"rendered":"https:\/\/www.jowi-trans.com\/?page_id=72"},"modified":"2026-04-07T02:09:32","modified_gmt":"2026-04-07T00:09:32","slug":"kontakt","status":"publish","type":"page","link":"https:\/\/www.jowi-trans.com\/en\/kontakt\/","title":{"rendered":"Kontakt"},"content":{"rendered":"<div class=\"brz-root__container brz-reset-all brz brz-root__container-page\">\n<section id=\"_xzGoZ41lJpw3\" class=\"brz-section brz-css-10fjep3 brz-css-2u1l0a\">\n<div class=\"brz-section__content brz-section--boxed brz-css-kxccc brz-css-vq88tt\" data-brz-custom-id=\"dQ7qxd2804U2\">\n<div class=\"brz-bg\">\n<div class=\"brz-bg-image\"><\/div>\n<\/div>\n<div class=\"brz-container brz-css-1a23gba\">\n<div id=\"\" class=\"brz-css-18bdsry brz-wrapper\">\n<div class=\"brz-rich-text brz-rich-text__custom brz-css-18tbo4n\" data-brz-custom-id=\"jdre1FkYaK9s\">\n<div data-brz-translate-text=\"1\">\n<h1 class=\"brz-tp-lg-heading1 brz-text-lg-center brz-css-crhkf\" data-generated-css=\"brz-css-iZ7o7\" data-uniq-id=\"xqryK\"><span class=\"brz-cp-color6\">Durchs Reden kumman`d Leut zam&#8230;<\/span><\/h1>\n<\/div>\n<\/div>\n<\/div>\n<\/div>\n<\/div>\n<\/section>\n<section id=\"_ogAxKEtsJXlh\" class=\"brz-section brz-css-10fjep3 brz-css-14pqf6a\">\n<div class=\"brz-section__content brz-section--boxed brz-css-kxccc brz-css-q3eav4\" data-brz-custom-id=\"sSR5qqbtGE9v\">\n<div class=\"brz-bg\">\n<div class=\"brz-bg-color\"><\/div>\n<\/div>\n<div class=\"brz-container brz-css-1a23gba\">\n<div class=\"brz-row__container brz-css-i2d68i\" data-brz-custom-id=\"lICNzZwnNrTA\">\n<div class=\"brz-bg\"><\/div>\n<div class=\"brz-row brz-css-yo09ra brz-css-19rhj3i\">\n<div class=\"brz-columns brz-css-1cifr8g brz-css-1n2tq6e\" data-brz-custom-id=\"qbMATpboVQTf\">\n<div class=\"brz-bg\"><\/div>\n<div class=\"brz-column__items brz-css-1h87cx0\">\n<div id=\"\" class=\"brz-css-18bdsry brz-css-1p204hy brz-css-n9eg6u brz-wrapper\">\n<div class=\"brz-spacer brz-css-9yc7d5 brz-css-1ph8k9u\"><\/div>\n<\/div>\n<div id=\"\" class=\"brz-css-18bdsry brz-css-1kpet5q brz-wrapper\">\n<div class=\"brz-rich-text brz-rich-text__custom brz-css-18tbo4n\" data-brz-custom-id=\"iz612b91s6mW\">\n<div data-brz-translate-text=\"1\">\n<p class=\"brz-tp-lg-heading4 brz-css-gO5wL\" data-uniq-id=\"lrdcX\" data-generated-css=\"brz-css-zF42M\"><span class=\"brz-cp-color2\">You have a specific transport request?<\/span><\/p>\n<\/div>\n<\/div>\n<\/div>\n<div id=\"\" class=\"brz-css-18bdsry brz-css-pvn8ma brz-wrapper\">\n<div class=\"brz-rich-text brz-rich-text__custom brz-css-18tbo4n\" data-brz-custom-id=\"yS6XizPBZ2XN\">\n<div data-brz-translate-text=\"1\">\n<p class=\"brz-tp-lg-paragraph brz-css-qSZyd\" data-generated-css=\"brz-css-lWATf\" data-uniq-id=\"zEcnn\"><span class=\"brz-cp-color2\">Please use our inquiry form! <\/span><\/p>\n<p class=\"brz-tp-lg-paragraph brz-css-fuyUs\" data-generated-css=\"brz-css-roccj\" data-uniq-id=\"yBxuj\"><span class=\"brz-cp-color2\">This provides us with the necessary information to process your request efficiently.<\/span><\/p>\n<\/div>\n<\/div>\n<\/div>\n<div class=\"brz-wrapper-clone brz-css-1jqt9z8\">\n<div class=\"brz-d-xs-flex brz-flex-xs-wrap brz-css-132gtsx brz-css-dwctz4\" data-brz-custom-id=\"\">\n<div class=\"brz-wrapper-clone__item\" id=\"r4tfNMTQ5bO9\"><a class=\"brz-a brz-btn brz-css-ugk1dq brz-css-4mhazd brz-css-183lml3 brz-css-1ujkxcn\" href=\"\" target=\"_self\" rel=\"noopener\" data-brz-link-type=\"page\" data-brz-custom-id=\"r4tfNMTQ5bO9\"><span data-brz-translate-text=\"1\" class=\"brz-span brz-text__editor\">TRANSPORT REQUEST<\/span><\/a><\/div>\n<\/div>\n<\/div>\n<div id=\"\" class=\"brz-css-18bdsry brz-css-1p204hy brz-css-rj3p9 brz-wrapper\">\n<div class=\"brz-spacer brz-css-9yc7d5 brz-css-6b3f3q\"><\/div>\n<\/div>\n<div id=\"\" class=\"brz-css-18bdsry brz-css-1p5po7c brz-wrapper\">\n<div class=\"brz-rich-text brz-rich-text__custom brz-css-18tbo4n\" data-brz-custom-id=\"siSmpYK_eDqG\">\n<div data-brz-translate-text=\"1\">\n<p class=\"brz-tp-lg-heading4 brz-css-oQ6F_\" data-generated-css=\"brz-css-gJzsj\" data-uniq-id=\"hvmmi\"><span class=\"brz-cp-color2\">You need an immediate response?<\/span><\/p>\n<\/div>\n<\/div>\n<\/div>\n<div id=\"\" class=\"brz-css-18bdsry brz-css-1jl2zzu brz-wrapper\">\n<div class=\"brz-rich-text brz-rich-text__custom brz-css-18tbo4n\" data-brz-custom-id=\"yJ0_MnV2uFia\">\n<div data-brz-translate-text=\"1\">\n<p class=\"brz-text-lg-left brz-tp-lg-abovetitle brz-css-p4J5e\" data-generated-css=\"brz-css-pIXOt\" data-uniq-id=\"dyWkC\"><span class=\"brz-cp-color2\">CALL US<\/span><\/p>\n<\/div>\n<\/div>\n<\/div>\n<div id=\"\" class=\"brz-css-18bdsry brz-css-ibrebb brz-wrapper\">\n<div class=\"brz-rich-text brz-rich-text__custom brz-css-18tbo4n\" data-brz-custom-id=\"mImSL6jiKUMm\">\n<div data-brz-translate-text=\"1\">\n<p class=\"brz-ff-manrope brz-ft-google brz-fs-lg-20 brz-fss-lg-px brz-fw-lg-400 brz-ls-lg-0 brz-lh-lg-1_6 brz-tp-lg-empty brz-css-z9DGl\" data-generated-css=\"brz-css-ofag6\" data-uniq-id=\"adwDv\"><a class=\"link--external brz-cp-color2\" href=\"tel:+43-664-4157629\" data-brz-link-type=\"external\" target=\"_blank\">+43-664-4157629<\/a><\/p>\n<\/div>\n<\/div>\n<\/div>\n<div id=\"\" class=\"brz-css-18bdsry brz-css-1p204hy brz-css-1m5hniv brz-wrapper\">\n<div class=\"brz-spacer brz-css-9yc7d5 brz-css-sc5c6n\"><\/div>\n<\/div>\n<div id=\"\" class=\"brz-css-18bdsry brz-css-1869ekf brz-wrapper\">\n<div class=\"brz-rich-text brz-rich-text__custom brz-css-18tbo4n\" data-brz-custom-id=\"lz9f7ODHW70q\">\n<div data-brz-translate-text=\"1\">\n<p class=\"brz-text-lg-left brz-tp-lg-abovetitle brz-css-pjJav\" data-generated-css=\"brz-css-jegTj\" data-uniq-id=\"hN9R5\"><span class=\"brz-cp-color2\">SEND US AN EMAIL<\/span><\/p>\n<\/div>\n<\/div>\n<\/div>\n<div id=\"\" class=\"brz-css-18bdsry brz-css-4gyumy brz-wrapper\">\n<div class=\"brz-rich-text brz-rich-text__custom brz-css-18tbo4n\" data-brz-custom-id=\"g2UZFIlNRODd\">\n<div data-brz-translate-text=\"1\">\n<p class=\"brz-tp-lg-empty brz-lh-lg-1_6 brz-ls-lg-0 brz-fw-lg-400 brz-fss-lg-px brz-fs-lg-20 brz-ft-google brz-ff-manrope brz-css-eDMb7\" data-uniq-id=\"kGbwy\" data-generated-css=\"brz-css-bWH3S\"><a class=\"link--external brz-cp-color2\" href=\"mailto:office@jowi-trans.com\" data-brz-link-type=\"external\" target=\"_blank\">office@jowi-trans.com<\/a><\/p>\n<\/div>\n<\/div>\n<\/div>\n<div id=\"\" class=\"brz-css-18bdsry brz-css-9ruzoz brz-wrapper\">\n<div class=\"brz-rich-text brz-rich-text__custom brz-css-18tbo4n\" data-brz-custom-id=\"wJDFIHnPtZCy\">\n<div data-brz-translate-text=\"1\">\n<p class=\"brz-tp-lg-abovetitle brz-text-lg-left brz-css-kVdfM\" data-uniq-id=\"eeHfE\" data-generated-css=\"brz-css-bU6Ui\"><span class=\"brz-cp-color2\">IF YOU DON'T HAVE AN EMAIL PROGRAM HANDY RIGHT NOW<\/span><\/p>\n<\/div>\n<\/div>\n<\/div>\n<div id=\"\" class=\"brz-css-18bdsry brz-css-1epnhed brz-wrapper\">\n<div class=\"brz-rich-text brz-rich-text__custom brz-css-18tbo4n\" data-brz-custom-id=\"zhzqnKVa7Gev\">\n<div data-brz-translate-text=\"1\">\n<p class=\"brz-tp-lg-empty brz-lh-lg-1_6 brz-ls-lg-0 brz-fw-lg-400 brz-fss-lg-px brz-fs-lg-20 brz-ft-google brz-ff-manrope brz-css-jVLd5\" data-uniq-id=\"bHf4l\" data-generated-css=\"brz-css-rHVso\"><span class=\"brz-cp-color2\">Of course, we also have a form for you \ud83d\ude09 -&gt;<\/span><\/p>\n<\/div>\n<\/div>\n<\/div>\n<div id=\"\" class=\"brz-css-18bdsry brz-css-1p204hy brz-css-nwidqv brz-wrapper\">\n<div class=\"brz-spacer brz-css-9yc7d5 brz-css-1godhiu\"><\/div>\n<\/div>\n<div id=\"\" class=\"brz-css-18bdsry brz-css-1yrnqbg brz-wrapper\">\n<div class=\"brz-rich-text brz-rich-text__custom brz-css-18tbo4n\" data-brz-custom-id=\"hZQH4zMNhvCS\">\n<div data-brz-translate-text=\"1\">\n<p class=\"brz-tp-lg-abovetitle brz-text-lg-justify brz-css-totzE\" data-generated-css=\"brz-css-xAtWW\" data-uniq-id=\"qTP4n\"><span class=\"brz-cp-color2\">OR STOP BY FOR A COFFEE!<\/span><\/p>\n<\/div>\n<\/div>\n<\/div>\n<div id=\"\" class=\"brz-css-18bdsry brz-css-kwg5b8 brz-wrapper\">\n<div class=\"brz-rich-text brz-rich-text__custom brz-css-18tbo4n\" data-brz-custom-id=\"wNRwE3qWSE_s\">\n<div data-brz-translate-text=\"1\">\n<p class=\"brz-tp-lg-empty brz-lh-lg-1_6 brz-ls-lg-0 brz-fw-lg-400 brz-fss-lg-px brz-fs-lg-20 brz-ft-google brz-ff-manrope brz-css-qwD5h\" data-uniq-id=\"fHMK6\" data-generated-css=\"brz-css-wDd14\"><span class=\"brz-cp-color2\">JoWi GmbH<\/span><\/p>\n<p class=\"brz-tp-lg-empty brz-lh-lg-1_6 brz-ls-lg-0 brz-fw-lg-400 brz-fss-lg-px brz-fs-lg-20 brz-ft-google brz-ff-manrope brz-css-ifLqv\" data-uniq-id=\"nK72w\" data-generated-css=\"brz-css-oLDBm\"><span class=\"brz-cp-color2\">Karlsbader Stra\u00dfe 11<\/span><\/p>\n<p class=\"brz-tp-lg-empty brz-lh-lg-1_6 brz-ls-lg-0 brz-fw-lg-400 brz-fss-lg-px brz-fs-lg-20 brz-ft-google brz-ff-manrope brz-css-eIP5I\" data-uniq-id=\"bx0z7\" data-generated-css=\"brz-css-x77r5\"><span class=\"brz-cp-color2\">5020 Salzburg<\/span><\/p>\n<\/div>\n<\/div>\n<\/div>\n<\/div>\n<\/div>\n<div class=\"brz-columns brz-css-1cifr8g brz-css-1qob0ks\" data-brz-custom-id=\"nWVXbzGJyVKW\">\n<div class=\"brz-bg\">\n<div class=\"brz-bg-color\"><\/div>\n<\/div>\n<div class=\"brz-column__items brz-css-1h87cx0 brz-css-1son12r\">\n<div id=\"\" class=\"brz-css-18bdsry brz-css-1y8riso brz-wrapper\">\n<div data-brz-form-version=\"2\" class=\"brz-forms2 brz-css-neczse\" data-brz-custom-id=\"wTnWy9K49I1S\">\n<div data-brz-translate-text=\"1\" class=\"brz-forms2__item brz-css-1v3c6y6 brz-css-1cage0u brz-css-5m3a0b\"><\/div>\n<div data-brz-translate-text=\"1\" class=\"brz-forms2__item brz-css-1v3c6y6 brz-css-1cage0u brz-css-5m3a0b\"><\/div>\n<div data-brz-translate-text=\"1\" class=\"brz-forms2__item brz-css-1v3c6y6 brz-css-1cage0u brz-css-5m3a0b\"><\/div>\n<div data-brz-translate-text=\"1\" class=\"brz-forms2__item brz-css-1v3c6y6 brz-css-1cage0u brz-css-5m3a0b\"><\/div>\n<div data-brz-translate-text=\"1\" class=\"brz-forms2__item brz-css-1v3c6y6 brz-css-1cage0u brz-css-5m3a0b\"><\/div>\n<div data-brz-translate-text=\"1\" class=\"brz-forms2__item brz-css-1v3c6y6 brz-css-1cage0u brz-css-5m3a0b\"><\/div>\n<div data-brz-translate-text=\"1\" class=\"brz-forms2__item brz-css-1v3c6y6 brz-css-1cage0u brz-css-5m3a0b\"><\/div>\n<div data-brz-translate-text=\"1\" class=\"brz-forms2__item brz-css-1v3c6y6 brz-css-1cage0u brz-css-5m3a0b brz-css-7yqeou\"><textarea id=\"hpBn2unJ6dMF_\" name=\"rejzfn5ujGkH\" data-brz-type=\"Paragraph\" data-brz-label=\"NACHRICHT\" data-brz-placeholder=\"NACHRICHT\" class=\"brz-textarea brz-forms2__field brz-forms2__field-paragraph\"><\/textarea><\/div>\n<div class=\"brz-forms2 brz-forms2__item brz-forms2__item-button\" data-brz-custom-id=\"wTnWy9K49I1S\"><button class=\"brz-btn brz-btn-submit brz-css-183lml3 brz-css-3wjlbq\" data-brz-custom-id=\"gBEmXxQh6xcp\"><span data-brz-translate-text=\"1\" class=\"brz-span brz-text__editor\">UND AB DIE POST!<br \/><\/span><\/button><\/div>\n<div class=\"brz-g-recaptcha\" data-sitekey=\"\" data-size=\"invisible\" data-callback=\"brzFormV2Captcha\"><\/div>\n<\/div>\n<\/div>\n<\/div>\n<\/div>\n<\/div>\n<\/div>\n<\/div>\n<\/div>\n<\/section>\n<\/div>\n<p>    <!-- version:1736968823 --><\/p>","protected":false},"excerpt":{"rendered":"<p>Durchs Reden kumman`d Leut zam&#8230; Sie haben eine konkrete Transportanfrage? Verwenden Sie bitte unser Anfrageformular! Dies gibt uns die erforderlichen Informationen um Ihre Anfrage zielgerichtet zu bearbeiten. TRANSPORTANFRAGE Sie brauchen sofort eine Antwort? RUFEN SIE UNS AN +43-664-4157629 SCHREIBEN SIE UNS EIN EMAIL office@jowi-trans.com WENN SIE GERADE KEIN EMAILPROGRAMM ZUR HAND HABEN Haben wir nat\u00fcrlich [&hellip;]<\/p>\n","protected":false},"author":1,"featured_media":0,"parent":0,"menu_order":0,"comment_status":"closed","ping_status":"closed","template":"brizy-blank-template.php","meta":{"footnotes":""},"class_list":["post-72","page","type-page","status-publish","hentry"],"blocksy_meta":[],"yoast_head":"<!-- This site is optimized with the Yoast SEO plugin v27.4 - https:\/\/yoast.com\/product\/yoast-seo-wordpress\/ -->\n<title>Kontakt - JoWi GmbH<\/title>\n<meta name=\"description\" content=\"Kontaktieren Sie die JoWi GmbH f\u00fcr professionelle Fahrzeug\u00fcberstellungen durch ganz Europa und dar\u00fcber hinaus.\" \/>\n<meta name=\"robots\" content=\"index, follow, max-snippet:-1, max-image-preview:large, max-video-preview:-1\" \/>\n<link rel=\"canonical\" href=\"https:\/\/www.jowi-trans.com\/en\/kontakt\/\" \/>\n<meta property=\"og:locale\" content=\"en_GB\" \/>\n<meta property=\"og:type\" content=\"article\" \/>\n<meta property=\"og:title\" content=\"Kontakt - JoWi GmbH\" \/>\n<meta property=\"og:description\" content=\"Kontaktieren Sie die JoWi GmbH f\u00fcr professionelle Fahrzeug\u00fcberstellungen durch ganz Europa und dar\u00fcber hinaus.\" \/>\n<meta property=\"og:url\" content=\"https:\/\/www.jowi-trans.com\/en\/kontakt\/\" \/>\n<meta property=\"og:site_name\" content=\"JoWi Trans\" \/>\n<meta property=\"article:modified_time\" content=\"2026-04-07T00:09:32+00:00\" \/>\n<meta name=\"twitter:card\" content=\"summary_large_image\" \/>\n<meta name=\"twitter:label1\" content=\"Estimated reading time\" \/>\n\t<meta name=\"twitter:data1\" content=\"1 minute\" \/>\n<script type=\"application\/ld+json\" class=\"yoast-schema-graph\">{\"@context\":\"https:\\\/\\\/schema.org\",\"@graph\":[{\"@type\":[\"WebPage\",\"ContactPage\"],\"@id\":\"https:\\\/\\\/www.jowi-trans.com\\\/kontakt\\\/\",\"url\":\"https:\\\/\\\/www.jowi-trans.com\\\/kontakt\\\/\",\"name\":\"Kontakt - JoWi GmbH\",\"isPartOf\":{\"@id\":\"https:\\\/\\\/www.jowi-trans.com\\\/#website\"},\"datePublished\":\"2024-02-05T14:44:28+00:00\",\"dateModified\":\"2026-04-07T00:09:32+00:00\",\"description\":\"Kontaktieren Sie die JoWi GmbH f\u00fcr professionelle Fahrzeug\u00fcberstellungen durch ganz Europa und dar\u00fcber hinaus.\",\"breadcrumb\":{\"@id\":\"https:\\\/\\\/www.jowi-trans.com\\\/kontakt\\\/#breadcrumb\"},\"inLanguage\":\"en-GB\",\"potentialAction\":[{\"@type\":\"ReadAction\",\"target\":[\"https:\\\/\\\/www.jowi-trans.com\\\/kontakt\\\/\"]}]},{\"@type\":\"BreadcrumbList\",\"@id\":\"https:\\\/\\\/www.jowi-trans.com\\\/kontakt\\\/#breadcrumb\",\"itemListElement\":[{\"@type\":\"ListItem\",\"position\":1,\"name\":\"Startseite\",\"item\":\"https:\\\/\\\/www.jowi-trans.com\\\/\"},{\"@type\":\"ListItem\",\"position\":2,\"name\":\"Kontakt\"}]},{\"@type\":\"WebSite\",\"@id\":\"https:\\\/\\\/www.jowi-trans.com\\\/#website\",\"url\":\"https:\\\/\\\/www.jowi-trans.com\\\/\",\"name\":\"JoWi Trans\",\"description\":\"Ihr Experte f\u00fcr die \u00dcberstellung von Fahrzeugen auf eigener Achse\",\"potentialAction\":[{\"@type\":\"SearchAction\",\"target\":{\"@type\":\"EntryPoint\",\"urlTemplate\":\"https:\\\/\\\/www.jowi-trans.com\\\/?s={search_term_string}\"},\"query-input\":{\"@type\":\"PropertyValueSpecification\",\"valueRequired\":true,\"valueName\":\"search_term_string\"}}],\"inLanguage\":\"en-GB\"}]}<\/script>\n<!-- \/ Yoast SEO plugin. -->","yoast_head_json":{"title":"Kontakt - JoWi GmbH","description":"Kontaktieren Sie die JoWi GmbH f\u00fcr professionelle Fahrzeug\u00fcberstellungen durch ganz Europa und dar\u00fcber hinaus.","robots":{"index":"index","follow":"follow","max-snippet":"max-snippet:-1","max-image-preview":"max-image-preview:large","max-video-preview":"max-video-preview:-1"},"canonical":"https:\/\/www.jowi-trans.com\/en\/kontakt\/","og_locale":"en_GB","og_type":"article","og_title":"Kontakt - JoWi GmbH","og_description":"Kontaktieren Sie die JoWi GmbH f\u00fcr professionelle Fahrzeug\u00fcberstellungen durch ganz Europa und dar\u00fcber hinaus.","og_url":"https:\/\/www.jowi-trans.com\/en\/kontakt\/","og_site_name":"JoWi Trans","article_modified_time":"2026-04-07T00:09:32+00:00","twitter_card":"summary_large_image","twitter_misc":{"Estimated reading time":"1 minute"},"schema":{"@context":"https:\/\/schema.org","@graph":[{"@type":["WebPage","ContactPage"],"@id":"https:\/\/www.jowi-trans.com\/kontakt\/","url":"https:\/\/www.jowi-trans.com\/kontakt\/","name":"Kontakt - JoWi GmbH","isPartOf":{"@id":"https:\/\/www.jowi-trans.com\/#website"},"datePublished":"2024-02-05T14:44:28+00:00","dateModified":"2026-04-07T00:09:32+00:00","description":"Kontaktieren Sie die JoWi GmbH f\u00fcr professionelle Fahrzeug\u00fcberstellungen durch ganz Europa und dar\u00fcber hinaus.","breadcrumb":{"@id":"https:\/\/www.jowi-trans.com\/kontakt\/#breadcrumb"},"inLanguage":"en-GB","potentialAction":[{"@type":"ReadAction","target":["https:\/\/www.jowi-trans.com\/kontakt\/"]}]},{"@type":"BreadcrumbList","@id":"https:\/\/www.jowi-trans.com\/kontakt\/#breadcrumb","itemListElement":[{"@type":"ListItem","position":1,"name":"Startseite","item":"https:\/\/www.jowi-trans.com\/"},{"@type":"ListItem","position":2,"name":"Kontakt"}]},{"@type":"WebSite","@id":"https:\/\/www.jowi-trans.com\/#website","url":"https:\/\/www.jowi-trans.com\/","name":"JoWi Trans","description":"Ihr Experte f\u00fcr die \u00dcberstellung von Fahrzeugen auf eigener Achse","potentialAction":[{"@type":"SearchAction","target":{"@type":"EntryPoint","urlTemplate":"https:\/\/www.jowi-trans.com\/?s={search_term_string}"},"query-input":{"@type":"PropertyValueSpecification","valueRequired":true,"valueName":"search_term_string"}}],"inLanguage":"en-GB"}]}},"brizy_media":[{"id":263,"url":"https:\/\/www.jowi-trans.com\/wp-content\/uploads\/2024\/02\/6e4952d94246c3d0a4418e35fdf098a8.jpg","name":"6e4952d94246c3d0a4418e35fdf098a8.jpg","meta":{"brizy_attachment_uid":"6e4952d94246c3d0a4418e35fdf098a8.jpg","brizy_post_uid":["2e7df9c984dafc9c3d671745357622cc"]}}],"_links":{"self":[{"href":"https:\/\/www.jowi-trans.com\/en\/wp-json\/wp\/v2\/pages\/72","targetHints":{"allow":["GET"]}}],"collection":[{"href":"https:\/\/www.jowi-trans.com\/en\/wp-json\/wp\/v2\/pages"}],"about":[{"href":"https:\/\/www.jowi-trans.com\/en\/wp-json\/wp\/v2\/types\/page"}],"author":[{"embeddable":true,"href":"https:\/\/www.jowi-trans.com\/en\/wp-json\/wp\/v2\/users\/1"}],"replies":[{"embeddable":true,"href":"https:\/\/www.jowi-trans.com\/en\/wp-json\/wp\/v2\/comments?post=72"}],"version-history":[{"count":10,"href":"https:\/\/www.jowi-trans.com\/en\/wp-json\/wp\/v2\/pages\/72\/revisions"}],"predecessor-version":[{"id":1854,"href":"https:\/\/www.jowi-trans.com\/en\/wp-json\/wp\/v2\/pages\/72\/revisions\/1854"}],"wp:attachment":[{"href":"https:\/\/www.jowi-trans.com\/en\/wp-json\/wp\/v2\/media?parent=72"}],"curies":[{"name":"wp","href":"https:\/\/api.w.org\/{rel}","templated":true}]}}