{"id":69,"date":"2024-02-05T15:38:23","date_gmt":"2024-02-05T14:38:23","guid":{"rendered":"https:\/\/www.jowi-trans.com\/?page_id=69"},"modified":"2026-04-07T03:55:33","modified_gmt":"2026-04-07T01:55:33","slug":"dsgvo","status":"publish","type":"page","link":"https:\/\/www.jowi-trans.com\/en\/dsgvo\/","title":{"rendered":"GDPR"},"content":{"rendered":"<div class=\"brz-root__container brz-reset-all brz brz-root__container-page\">\n<section id=\"_wsqoGz4c051w\" class=\"brz-section brz-css-1kqccgo brz-css-or67ox\">\n<div class=\"brz-section__content brz-section--boxed brz-css-8qxtfh brz-css-ekab92\" data-brz-custom-id=\"hNUovOkGgJRT\">\n<div class=\"brz-bg\">\n<div class=\"brz-bg-color\"><\/div>\n<\/div>\n<div class=\"brz-container brz-css-1kbq7w5 brz-css-18yic0j\">\n<div id=\"\" class=\"brz-css-1bg752c brz-wrapper\">\n<div class=\"brz-rich-text brz-rich-text__custom brz-css-1x05uvy\" data-brz-custom-id=\"mo_rbFlUazSw\">\n<div data-brz-translate-text=\"1\">\n<h2 class=\"brz-text-lg-center brz-tp-lg-heading2 brz-css-vH0Um\" data-generated-css=\"brz-css-mudnh\" data-uniq-id=\"hhhhy\">GDPR<\/h2>\n<\/div>\n<\/div>\n<\/div>\n<div id=\"\" class=\"brz-css-1bg752c brz-css-rxqyed brz-wrapper\">\n<div class=\"brz-rich-text brz-rich-text__custom brz-css-1x05uvy\" data-brz-custom-id=\"ynw1JIMSHaym\">\n<div data-brz-translate-text=\"1\">\n<p class=\"brz-text-lg-center brz-tp-lg-paragraph brz-css-wl3i2\" data-uniq-id=\"asvmi\" data-generated-css=\"brz-css-ymadx\"><\/p>\n<\/div>\n<\/div>\n<\/div>\n<div id=\"\" class=\"brz-css-1bg752c brz-css-1gf1ede brz-css-1dml5f7 brz-wrapper\">\n<div class=\"brz-spacer brz-css-1g45hc0 brz-css-1lpn9u5\"><\/div>\n<\/div>\n<div class=\"brz-row__container brz-css-egp0yo\" data-brz-custom-id=\"a91bu62amuC7\">\n<div class=\"brz-bg\"><\/div>\n<div class=\"brz-row brz-css-xozn9j brz-css-ijb9nb\">\n<div class=\"brz-columns brz-css-7kz2zs brz-css-tfre8c\" data-brz-custom-id=\"a35YiP5irPG_\">\n<div class=\"brz-bg\"><\/div>\n<div class=\"brz-column__items brz-css-el3z0z brz-css-13c4x43\">\n<div id=\"\" class=\"brz-css-1bg752c brz-wrapper\">\n<div class=\"brz-rich-text brz-rich-text__custom brz-css-1x05uvy\" data-brz-custom-id=\"s1VrRxJ8VUdn\">\n<div data-brz-translate-text=\"1\">\n<h6 class=\"brz-tp-lg-paragraph brz-text-lg-right brz-text-xs-left brz-css-bj4ga\" data-uniq-id=\"lvwgd\" data-generated-css=\"brz-css-fqoaj\"><strong class=\"brz-cp-color2\">Declaration of information obligation<\/strong><\/h6>\n<h6 class=\"brz-tp-lg-paragraph brz-text-lg-right brz-text-xs-left brz-css-haZ78\" data-uniq-id=\"lvwgd\" data-generated-css=\"brz-css-fqoaj\"><span class=\"brz-cp-color7\">(privacy policy)<\/span><\/h6>\n<h6 class=\"brz-text-lg-right brz-tp-lg-heading6 brz-text-xs-left brz-css-j67DR\" data-uniq-id=\"tyzuk\" data-generated-css=\"brz-css-iwoku\"><\/h6>\n<\/div>\n<\/div>\n<\/div>\n<\/div>\n<\/div>\n<div class=\"brz-columns brz-css-7kz2zs brz-css-f5z73p\" data-brz-custom-id=\"x_IPZ4lY5FYm\">\n<div class=\"brz-bg\"><\/div>\n<div class=\"brz-column__items brz-css-el3z0z\">\n<div id=\"\" class=\"brz-css-1bg752c brz-wrapper\">\n<div class=\"brz-rich-text brz-rich-text__custom brz-css-1x05uvy\" data-brz-custom-id=\"rmlvGetH8vgC\">\n<div data-brz-translate-text=\"1\">\n<p class=\"brz-tp-lg-paragraph brz-css-r2Jhk\" data-uniq-id=\"bPkvP\" data-generated-css=\"brz-css-zhy0B\"><span class=\"brz-cp-color7\">The protection of your personal data is particularly important to us. We therefore process your data exclusively on the basis of the legal provisions (GDPR, TKG 2003). In this data protection information we inform you about the most important aspects of data processing on our website.<\/span><\/p>\n<\/div>\n<\/div>\n<\/div>\n<\/div>\n<\/div>\n<\/div>\n<\/div>\n<div class=\"brz-row__container brz-css-egp0yo\" data-brz-custom-id=\"e8o3T2OVDbi5\">\n<div class=\"brz-bg\"><\/div>\n<div class=\"brz-row brz-css-xozn9j brz-css-ijb9nb\">\n<div class=\"brz-columns brz-css-7kz2zs brz-css-1j1tf6j\" data-brz-custom-id=\"nRqXxIL4O8Uj\">\n<div class=\"brz-bg\"><\/div>\n<div class=\"brz-column__items brz-css-el3z0z brz-css-14674ie\">\n<div id=\"\" class=\"brz-css-1bg752c brz-wrapper\">\n<div class=\"brz-rich-text brz-rich-text__custom brz-css-1x05uvy\" data-brz-custom-id=\"azF5m4wAcqsx\">\n<div data-brz-translate-text=\"1\">\n<h6 class=\"brz-text-xs-left brz-text-lg-right brz-tp-lg-paragraph brz-css-gwNoa\" data-generated-css=\"brz-css-wdoum\" data-uniq-id=\"itrzu\"><strong class=\"brz-cp-color2\">Contact us<\/strong><\/h6>\n<\/div>\n<\/div>\n<\/div>\n<\/div>\n<\/div>\n<div class=\"brz-columns brz-css-7kz2zs brz-css-hjrrrq\" data-brz-custom-id=\"yFmH_Rn6DHQe\">\n<div class=\"brz-bg\"><\/div>\n<div class=\"brz-column__items brz-css-el3z0z\">\n<div id=\"\" class=\"brz-css-1bg752c brz-wrapper\">\n<div class=\"brz-rich-text brz-rich-text__custom brz-css-1x05uvy\" data-brz-custom-id=\"mVipG73_LhSU\">\n<div data-brz-translate-text=\"1\">\n<p class=\"brz-tp-lg-paragraph brz-css-eSuln\" data-uniq-id=\"h7JF8\" data-generated-css=\"brz-css-igByT\"><span class=\"brz-cp-color7\">If you contact us by email, the data you provide will be stored by us for six months to process your request and in case of follow-up questions. We will not pass on this data without your consent.<\/span><\/p>\n<p class=\"brz-tp-lg-paragraph brz-css-cGjss\" data-uniq-id=\"iZIpO\" data-generated-css=\"brz-css-vaEbb\"><span class=\"brz-cp-color7\"> <\/span><\/p>\n<p class=\"brz-tp-lg-paragraph brz-css-bDj7l\" data-uniq-id=\"wURCq\" data-generated-css=\"brz-css-zy4N8\"><span class=\"brz-cp-color7\">JoWi Trans<\/span><\/p>\n<p class=\"brz-tp-lg-paragraph brz-css-qX_u6\" data-uniq-id=\"dZkfj\" data-generated-css=\"brz-css-thTo0\"><span class=\"brz-cp-color7\">Josef Wirnsberger <\/span><\/p>\n<p class=\"brz-tp-lg-paragraph brz-css-jEXMw\" data-uniq-id=\"a_QcO\" data-generated-css=\"brz-css-aaZsW\"><span class=\"brz-cp-color7\">Karlsbader Stra\u00dfe 11<\/span><\/p>\n<p class=\"brz-tp-lg-paragraph brz-css-pJ0td\" data-uniq-id=\"es688\" data-generated-css=\"brz-css-jdgqe\"><span class=\"brz-cp-color7\">5020 Salzburg<\/span><\/p>\n<p class=\"brz-tp-lg-paragraph brz-css-lLabt\" data-uniq-id=\"nRxYQ\" data-generated-css=\"brz-css-oP_BS\"><span class=\"brz-cp-color7\"> <\/span><\/p>\n<p class=\"brz-tp-lg-paragraph brz-css-bJ7Km\" data-uniq-id=\"dCTL5\" data-generated-css=\"brz-css-rACPX\"><a class=\"link--external brz-cp-color7\" href=\"tel:+43 664 4157629\" data-brz-link-type=\"external\" target=\"_blank\">+43 664 4157629<\/a><\/p>\n<p class=\"brz-tp-lg-paragraph brz-css-v24_G\" data-uniq-id=\"qpSKm\" data-generated-css=\"brz-css-bTESB\"><a class=\"link--external brz-cp-color7\" href=\"mailto:office@jowi-trans.com\" data-brz-link-type=\"external\" target=\"_blank\">office@jowi-trans.com<\/a><\/p>\n<\/div>\n<\/div>\n<\/div>\n<\/div>\n<\/div>\n<\/div>\n<\/div>\n<div id=\"\" class=\"brz-css-1bg752c brz-css-1gf1ede brz-css-18krv9t brz-wrapper\">\n<div class=\"brz-spacer brz-css-1g45hc0 brz-css-1u3xca8\"><\/div>\n<\/div>\n<div class=\"brz-row__container brz-css-egp0yo\" data-brz-custom-id=\"bXitVC7DnqTo\">\n<div class=\"brz-bg\"><\/div>\n<div class=\"brz-row brz-css-xozn9j brz-css-ijb9nb\">\n<div class=\"brz-columns brz-css-7kz2zs brz-css-t3jkyc\" data-brz-custom-id=\"db8rIsKldzMX\">\n<div class=\"brz-bg\"><\/div>\n<div class=\"brz-column__items brz-css-el3z0z brz-css-qx6wxa\">\n<div id=\"\" class=\"brz-css-1bg752c brz-wrapper\">\n<div class=\"brz-rich-text brz-rich-text__custom brz-css-1x05uvy\" data-brz-custom-id=\"bML33lqB2Ghr\">\n<div data-brz-translate-text=\"1\">\n<h6 class=\"brz-text-lg-right brz-text-xs-left brz-tp-lg-paragraph brz-css-y744a\" data-uniq-id=\"cfaqt\" data-generated-css=\"brz-css-gbkpp\"><strong class=\"brz-cp-color2\">Cookies<\/strong><\/h6>\n<\/div>\n<\/div>\n<\/div>\n<\/div>\n<\/div>\n<div class=\"brz-columns brz-css-7kz2zs brz-css-27zcb2\" data-brz-custom-id=\"yJW7s6qb2q1K\">\n<div class=\"brz-bg\"><\/div>\n<div class=\"brz-column__items brz-css-el3z0z\">\n<div id=\"\" class=\"brz-css-1bg752c brz-wrapper\">\n<div class=\"brz-rich-text brz-rich-text__custom brz-css-1x05uvy\" data-brz-custom-id=\"hruTxIY2YSts\">\n<div data-brz-translate-text=\"1\">\n<p data-generated-css=\"brz-css-x6Slq\" data-uniq-id=\"yhsKh\" class=\"brz-tp-lg-paragraph brz-css-lIUmD\"><span class=\"brz-cp-color7\">Our website uses so-called cookies, which are small text files stored on your device by your browser. They do not cause any harm. We use cookies to make our services more user-friendly. Some cookies remain stored on your device until you delete them. They allow us to recognize your browser during your next visit.<span class=\"ql-cursor\"><\/span><\/span><\/p>\n<p class=\"brz-tp-lg-paragraph brz-css-m1fP5\" data-generated-css=\"brz-css-x6Slq\" data-uniq-id=\"yhsKh\"><span class=\"brz-cp-color7\">If you do not wish this, you can configure your browser to inform you about the setting of cookies, allowing you to permit them only on a case-by-case basis. Disabling cookies may limit the functionality of our website.<\/span><\/p>\n<\/div>\n<\/div>\n<\/div>\n<\/div>\n<\/div>\n<\/div>\n<\/div>\n<div id=\"\" class=\"brz-css-1bg752c brz-css-1gf1ede brz-css-1hn0wr8 brz-wrapper\">\n<div class=\"brz-spacer brz-css-1g45hc0 brz-css-1lr90z2\"><\/div>\n<\/div>\n<div class=\"brz-row__container brz-css-egp0yo\" data-brz-custom-id=\"cIpu2L0xjHZ8\">\n<div class=\"brz-bg\"><\/div>\n<div class=\"brz-row brz-css-xozn9j brz-css-ijb9nb\">\n<div class=\"brz-columns brz-css-7kz2zs brz-css-aafu30\" data-brz-custom-id=\"mvUPsxWwriw_\">\n<div class=\"brz-bg\"><\/div>\n<div class=\"brz-column__items brz-css-el3z0z brz-css-1b5t2l2\">\n<div id=\"\" class=\"brz-css-1bg752c brz-wrapper\">\n<div class=\"brz-rich-text brz-rich-text__custom brz-css-1x05uvy\" data-brz-custom-id=\"yT5fQUgCny3r\">\n<div data-brz-translate-text=\"1\">\n<h6 class=\"brz-text-lg-right brz-tp-lg-heading6 brz-text-xs-left brz-css-uEhA4\" data-uniq-id=\"nkdmi\" data-generated-css=\"brz-css-aoskn\"><strong class=\"brz-cp-color2\">Web analytics<\/strong><\/h6>\n<\/div>\n<\/div>\n<\/div>\n<\/div>\n<\/div>\n<div class=\"brz-columns brz-css-7kz2zs brz-css-89rp4d\" data-brz-custom-id=\"xsYzEz1BNMh2\">\n<div class=\"brz-bg\"><\/div>\n<div class=\"brz-column__items brz-css-el3z0z\">\n<div id=\"\" class=\"brz-css-1bg752c brz-wrapper\">\n<div class=\"brz-rich-text brz-rich-text__custom brz-css-1x05uvy\" data-brz-custom-id=\"rp3tMQtAaKkP\">\n<div data-brz-translate-text=\"1\">\n<p data-generated-css=\"brz-css-mJ9VA\" data-uniq-id=\"vZjyN\" class=\"brz-tp-lg-paragraph brz-css-rdVyi\"><span class=\"brz-cp-color7\">Our website uses features of the web analytics service provided by Google Ireland Limited (Gordon House, Barrow Street, Dublin 4, Ireland). Even though Google may claim otherwise, you should assume that Google transfers your data to the USA and other third countries!<\/span><\/p>\n<p class=\"brz-tp-lg-paragraph brz-css-aeqo4\" data-generated-css=\"brz-css-mJ9VA\" data-uniq-id=\"vZjyN\"><span class=\"brz-cp-color7\">If this bothers you for obvious reasons, Google Analytics offers an optional one <\/span><a class=\"brz-cp-color7 link--external\" href=\"https:\/\/tools.google.com\/dlpage\/gaoptout\/\" data-brz-link-type=\"external\" target=\"_blank\">Browser-Add-on<\/a><span class=\"brz-cp-color7 brz-span\"> (Source: Google).<\/span><a class=\"brz-cp-color7 link--external\" href=\"https:\/\/tools.google.com\/dlpage\/gaoptout\/\" data-brz-link-type=\"external\" target=\"_blank\"> <\/a><\/p>\n<p class=\"brz-tp-lg-paragraph brz-css-bLfb3\" data-generated-css=\"brz-css-as5NA\" data-uniq-id=\"dD5jw\"><\/p>\n<p class=\"brz-tp-lg-paragraph brz-css-hA71o\" data-generated-css=\"brz-css-yO7Zm\" data-uniq-id=\"sZXo_\"><span class=\"brz-cp-color7\">Cookies are used for this purpose, allowing an analysis of how users interact with the website. The information generated is transmitted to the provider's server and stored there. <\/span><\/p>\n<p class=\"brz-tp-lg-paragraph brz-css-wYWJM\" data-generated-css=\"brz-css-nqG53\" data-uniq-id=\"yxX3t\"><span class=\"brz-cp-color7\">Your data will only be processed if you have given us your consent. <\/span><\/p>\n<p class=\"brz-tp-lg-paragraph brz-css-dnAGr\" data-generated-css=\"brz-css-wyjxF\" data-uniq-id=\"kKKc1\"><span class=\"brz-cp-color7\">We have concluded a corresponding contract for data processing with the provider of the web analysis service, which will only be processed if you have given us your consent.<\/span><\/p>\n<p class=\"brz-tp-lg-paragraph brz-css-vbWKS\" data-generated-css=\"brz-css-hN9tX\" data-uniq-id=\"z8lis\"><\/p>\n<p class=\"brz-tp-lg-paragraph brz-css-sFGdy\" data-generated-css=\"brz-css-kLZy5\" data-uniq-id=\"z1e1E\"><span class=\"brz-cp-color7\">Data processing is carried out on the basis of the legal provisions of \u00a7 165 Paragraph 3 TKG 2021 and Article 6 Paragraph 1 lit a (consent) of the GDPR.&nbsp;<\/span><\/p>\n<p class=\"brz-tp-lg-paragraph brz-css-o33Hk\" data-generated-css=\"brz-css-e9Iu1\" data-uniq-id=\"sw9ag\"><\/p>\n<p class=\"brz-tp-lg-paragraph brz-css-sFRyZ\" data-generated-css=\"brz-css-e9Iu1\" data-uniq-id=\"sw9ag\"><span class=\"brz-cp-color7\">The user data is retained by Google for a period of 26 months<\/span><em class=\"brz-cp-color7\">.<\/em><\/p>\n<\/div>\n<\/div>\n<\/div>\n<\/div>\n<\/div>\n<\/div>\n<\/div>\n<div class=\"brz-row__container brz-css-egp0yo\" data-brz-custom-id=\"vFFTCuP1QcGH\">\n<div class=\"brz-bg\"><\/div>\n<div class=\"brz-row brz-css-xozn9j brz-css-ijb9nb\">\n<div class=\"brz-columns brz-css-7kz2zs brz-css-vnboms\" data-brz-custom-id=\"mA958RIRiWhn\">\n<div class=\"brz-bg\"><\/div>\n<div class=\"brz-column__items brz-css-el3z0z brz-css-ncx6cl\">\n<div id=\"\" class=\"brz-css-1bg752c brz-wrapper\">\n<div class=\"brz-rich-text brz-rich-text__custom brz-css-1x05uvy\" data-brz-custom-id=\"tLUjUNwdSJHz\">\n<div data-brz-translate-text=\"1\">\n<h6 class=\"brz-text-xs-left brz-text-lg-right brz-tp-lg-paragraph brz-css-azgnY\" data-generated-css=\"brz-css-jzpjp\" data-uniq-id=\"xqcki\"><strong class=\"brz-cp-color2\">Your rights<\/strong><\/h6>\n<\/div>\n<\/div>\n<\/div>\n<\/div>\n<\/div>\n<div class=\"brz-columns brz-css-7kz2zs brz-css-1hmwls5\" data-brz-custom-id=\"wdUA6bHLkEVV\">\n<div class=\"brz-bg\"><\/div>\n<div class=\"brz-column__items brz-css-el3z0z\">\n<div id=\"\" class=\"brz-css-1bg752c brz-wrapper\">\n<div class=\"brz-rich-text brz-rich-text__custom brz-css-1x05uvy\" data-brz-custom-id=\"sGJ7D3ZsdUsI\">\n<div data-brz-translate-text=\"1\">\n<p class=\"brz-tp-lg-paragraph brz-css-sqfn_\" data-uniq-id=\"tgCRi\" data-generated-css=\"brz-css-oY1WI\"><span class=\"brz-cp-color7\">You have the fundamental rights to access, rectification, deletion, restriction, data portability, withdrawal, and objection regarding your data processed by us. If you believe that the processing of your data violates data protection laws or that your privacy rights have been infringed in any way, you can file a complaint with <\/span><a class=\"brz-cp-color7 link--page\" href=\"\" data-brz-link-type=\"page\">us<\/a><span class=\"brz-cp-color7\"> or the Data Protection Authority.<\/span><\/p>\n<\/div>\n<\/div>\n<\/div>\n<\/div>\n<\/div>\n<\/div>\n<\/div>\n<\/div>\n<\/div>\n<\/section>\n<\/div>\n<p>    <!-- version:1737143817 --><\/p>","protected":false},"excerpt":{"rendered":"<p>DSGVO Erkl\u00e4rung zur Informationspflicht (Datenschutzerkl\u00e4rung) Der Schutz Ihrer pers\u00f6nlichen Daten ist uns ein besonderes Anliegen. Wir verarbeiten Ihre Daten daher ausschlie\u00dflich auf Grundlage der gesetzlichen Bestimmungen (DSGVO, TKG 2003). In diesen Datenschutzinformationen informieren wir Sie \u00fcber die wichtigsten Aspekte der Datenverarbeitung im Rahmen unserer Website. Kontakt mit uns Wenn per E-Mail Kontakt mit uns aufnehmen, [&hellip;]<\/p>\n","protected":false},"author":1,"featured_media":0,"parent":0,"menu_order":0,"comment_status":"closed","ping_status":"closed","template":"brizy-blank-template.php","meta":{"footnotes":""},"class_list":["post-69","page","type-page","status-publish","hentry"],"blocksy_meta":[],"yoast_head":"<!-- This site is optimized with the Yoast SEO plugin v27.4 - https:\/\/yoast.com\/product\/yoast-seo-wordpress\/ -->\n<title>DSGVO - JoWi Trans<\/title>\n<meta name=\"robots\" content=\"index, follow, max-snippet:-1, max-image-preview:large, max-video-preview:-1\" \/>\n<link rel=\"canonical\" href=\"https:\/\/www.jowi-trans.com\/en\/dsgvo\/\" \/>\n<meta property=\"og:locale\" content=\"en_GB\" \/>\n<meta property=\"og:type\" content=\"article\" \/>\n<meta property=\"og:title\" content=\"DSGVO - JoWi Trans\" \/>\n<meta property=\"og:description\" content=\"DSGVO Erkl\u00e4rung zur Informationspflicht (Datenschutzerkl\u00e4rung) Der Schutz Ihrer pers\u00f6nlichen Daten ist uns ein besonderes Anliegen. Wir verarbeiten Ihre Daten daher ausschlie\u00dflich auf Grundlage der gesetzlichen Bestimmungen (DSGVO, TKG 2003). In diesen Datenschutzinformationen informieren wir Sie \u00fcber die wichtigsten Aspekte der Datenverarbeitung im Rahmen unserer Website. Kontakt mit uns Wenn per E-Mail Kontakt mit uns aufnehmen, [&hellip;]\" \/>\n<meta property=\"og:url\" content=\"https:\/\/www.jowi-trans.com\/en\/dsgvo\/\" \/>\n<meta property=\"og:site_name\" content=\"JoWi Trans\" \/>\n<meta property=\"article:modified_time\" content=\"2026-04-07T01:55:33+00:00\" \/>\n<meta name=\"twitter:card\" content=\"summary_large_image\" \/>\n<meta name=\"twitter:label1\" content=\"Estimated reading time\" \/>\n\t<meta name=\"twitter:data1\" content=\"2 minutes\" \/>\n<script type=\"application\/ld+json\" class=\"yoast-schema-graph\">{\"@context\":\"https:\\\/\\\/schema.org\",\"@graph\":[{\"@type\":\"WebPage\",\"@id\":\"https:\\\/\\\/www.jowi-trans.com\\\/dsgvo\\\/\",\"url\":\"https:\\\/\\\/www.jowi-trans.com\\\/dsgvo\\\/\",\"name\":\"DSGVO - JoWi Trans\",\"isPartOf\":{\"@id\":\"https:\\\/\\\/www.jowi-trans.com\\\/#website\"},\"datePublished\":\"2024-02-05T14:38:23+00:00\",\"dateModified\":\"2026-04-07T01:55:33+00:00\",\"breadcrumb\":{\"@id\":\"https:\\\/\\\/www.jowi-trans.com\\\/dsgvo\\\/#breadcrumb\"},\"inLanguage\":\"en-GB\",\"potentialAction\":[{\"@type\":\"ReadAction\",\"target\":[\"https:\\\/\\\/www.jowi-trans.com\\\/dsgvo\\\/\"]}]},{\"@type\":\"BreadcrumbList\",\"@id\":\"https:\\\/\\\/www.jowi-trans.com\\\/dsgvo\\\/#breadcrumb\",\"itemListElement\":[{\"@type\":\"ListItem\",\"position\":1,\"name\":\"Startseite\",\"item\":\"https:\\\/\\\/www.jowi-trans.com\\\/\"},{\"@type\":\"ListItem\",\"position\":2,\"name\":\"DSGVO\"}]},{\"@type\":\"WebSite\",\"@id\":\"https:\\\/\\\/www.jowi-trans.com\\\/#website\",\"url\":\"https:\\\/\\\/www.jowi-trans.com\\\/\",\"name\":\"JoWi Trans\",\"description\":\"Ihr Experte f\u00fcr die \u00dcberstellung von Fahrzeugen auf eigener Achse\",\"potentialAction\":[{\"@type\":\"SearchAction\",\"target\":{\"@type\":\"EntryPoint\",\"urlTemplate\":\"https:\\\/\\\/www.jowi-trans.com\\\/?s={search_term_string}\"},\"query-input\":{\"@type\":\"PropertyValueSpecification\",\"valueRequired\":true,\"valueName\":\"search_term_string\"}}],\"inLanguage\":\"en-GB\"}]}<\/script>\n<!-- \/ Yoast SEO plugin. -->","yoast_head_json":{"title":"DSGVO - JoWi Trans","robots":{"index":"index","follow":"follow","max-snippet":"max-snippet:-1","max-image-preview":"max-image-preview:large","max-video-preview":"max-video-preview:-1"},"canonical":"https:\/\/www.jowi-trans.com\/en\/dsgvo\/","og_locale":"en_GB","og_type":"article","og_title":"DSGVO - JoWi Trans","og_description":"DSGVO Erkl\u00e4rung zur Informationspflicht (Datenschutzerkl\u00e4rung) Der Schutz Ihrer pers\u00f6nlichen Daten ist uns ein besonderes Anliegen. Wir verarbeiten Ihre Daten daher ausschlie\u00dflich auf Grundlage der gesetzlichen Bestimmungen (DSGVO, TKG 2003). In diesen Datenschutzinformationen informieren wir Sie \u00fcber die wichtigsten Aspekte der Datenverarbeitung im Rahmen unserer Website. Kontakt mit uns Wenn per E-Mail Kontakt mit uns aufnehmen, [&hellip;]","og_url":"https:\/\/www.jowi-trans.com\/en\/dsgvo\/","og_site_name":"JoWi Trans","article_modified_time":"2026-04-07T01:55:33+00:00","twitter_card":"summary_large_image","twitter_misc":{"Estimated reading time":"2 minutes"},"schema":{"@context":"https:\/\/schema.org","@graph":[{"@type":"WebPage","@id":"https:\/\/www.jowi-trans.com\/dsgvo\/","url":"https:\/\/www.jowi-trans.com\/dsgvo\/","name":"DSGVO - JoWi Trans","isPartOf":{"@id":"https:\/\/www.jowi-trans.com\/#website"},"datePublished":"2024-02-05T14:38:23+00:00","dateModified":"2026-04-07T01:55:33+00:00","breadcrumb":{"@id":"https:\/\/www.jowi-trans.com\/dsgvo\/#breadcrumb"},"inLanguage":"en-GB","potentialAction":[{"@type":"ReadAction","target":["https:\/\/www.jowi-trans.com\/dsgvo\/"]}]},{"@type":"BreadcrumbList","@id":"https:\/\/www.jowi-trans.com\/dsgvo\/#breadcrumb","itemListElement":[{"@type":"ListItem","position":1,"name":"Startseite","item":"https:\/\/www.jowi-trans.com\/"},{"@type":"ListItem","position":2,"name":"DSGVO"}]},{"@type":"WebSite","@id":"https:\/\/www.jowi-trans.com\/#website","url":"https:\/\/www.jowi-trans.com\/","name":"JoWi Trans","description":"Ihr Experte f\u00fcr die \u00dcberstellung von Fahrzeugen auf eigener Achse","potentialAction":[{"@type":"SearchAction","target":{"@type":"EntryPoint","urlTemplate":"https:\/\/www.jowi-trans.com\/?s={search_term_string}"},"query-input":{"@type":"PropertyValueSpecification","valueRequired":true,"valueName":"search_term_string"}}],"inLanguage":"en-GB"}]}},"brizy_media":[{"id":120,"url":"https:\/\/www.jowi-trans.com\/wp-content\/uploads\/2024\/02\/jowi-logo-mk002.png","name":"jowi-logo-mk002.png","meta":{"brizy_attachment_uid":"wp-af3c6ec280dd6058853882c9af7e7ae8.png","brizy_post_uid":["c086ac830c32d977df1898d78bfd5ca3","50aabb71c22f90ad41e7785a69821b1e","f3dd25c79382fcc2fc45a224ce553063"]}}],"_links":{"self":[{"href":"https:\/\/www.jowi-trans.com\/en\/wp-json\/wp\/v2\/pages\/69","targetHints":{"allow":["GET"]}}],"collection":[{"href":"https:\/\/www.jowi-trans.com\/en\/wp-json\/wp\/v2\/pages"}],"about":[{"href":"https:\/\/www.jowi-trans.com\/en\/wp-json\/wp\/v2\/types\/page"}],"author":[{"embeddable":true,"href":"https:\/\/www.jowi-trans.com\/en\/wp-json\/wp\/v2\/users\/1"}],"replies":[{"embeddable":true,"href":"https:\/\/www.jowi-trans.com\/en\/wp-json\/wp\/v2\/comments?post=69"}],"version-history":[{"count":6,"href":"https:\/\/www.jowi-trans.com\/en\/wp-json\/wp\/v2\/pages\/69\/revisions"}],"predecessor-version":[{"id":1717,"href":"https:\/\/www.jowi-trans.com\/en\/wp-json\/wp\/v2\/pages\/69\/revisions\/1717"}],"wp:attachment":[{"href":"https:\/\/www.jowi-trans.com\/en\/wp-json\/wp\/v2\/media?parent=69"}],"curies":[{"name":"wp","href":"https:\/\/api.w.org\/{rel}","templated":true}]}}