{"id":230,"date":"2024-02-28T10:04:20","date_gmt":"2024-02-28T09:04:20","guid":{"rendered":"https:\/\/www.jowi-trans.com\/?page_id=230"},"modified":"2026-04-07T02:09:19","modified_gmt":"2026-04-07T00:09:19","slug":"impressum","status":"publish","type":"page","link":"https:\/\/www.jowi-trans.com\/en\/impressum\/","title":{"rendered":"Imprint"},"content":{"rendered":"<div class=\"brz brz-root__container brz-reset-all brz-root__container-page\">\n<section id=\"nJTeZ8fzx3KX_nJTeZ8fzx3KX\" class=\"brz-section brz-css-1oiutol brz-css-1pa3250\">\n<div class=\"brz-section__content brz-section--boxed brz-css-oja40o brz-css-1lve667\" data-brz-custom-id=\"gVbfiKQM7D3Z\">\n<div class=\"brz-bg\">\n<div class=\"brz-bg-color\"><\/div>\n<\/div>\n<div class=\"brz-container brz-css-pbt8k1 brz-css-ll2p6x\">\n<div id=\"\" class=\"brz-css-1evx3l5 brz-css-1tb5kki brz-wrapper\">\n<div class=\"brz-rich-text brz-rich-text__custom brz-css-ron2ph brz-css-1z0m4ki\" data-brz-custom-id=\"uwkT4H0BVaCn\">\n<div data-brz-translate-text=\"1\">\n<h2 class=\"brz-tp-lg-heading2 brz-text-lg-center brz-css-wysOg\" data-uniq-id=\"rarzw\" data-generated-css=\"brz-css-rlenb\">Imprint<\/h2>\n<\/div>\n<\/div>\n<\/div>\n<div id=\"\" class=\"brz-css-1evx3l5 brz-css-um3xje brz-wrapper\">\n<div class=\"brz-rich-text brz-rich-text__custom brz-css-ron2ph brz-css-1f2e4mj\" data-brz-custom-id=\"w4GTKfqBoByG\">\n<div data-brz-translate-text=\"1\">\n<p class=\"brz-tp-lg-paragraph brz-text-lg-center brz-css-uT7EK\" data-generated-css=\"brz-css-bspzc\" data-uniq-id=\"hhccw\">According to \u00a75 ECG<\/p>\n<\/div>\n<\/div>\n<\/div>\n<div id=\"\" class=\"brz-css-1evx3l5 brz-css-ecmosz brz-css-1fr84xy brz-wrapper\">\n<div class=\"brz-spacer brz-css-1s3tunr brz-css-1bhnpp7\"><\/div>\n<\/div>\n<div class=\"brz-row__container brz-css-tro1kh brz-css-l47lqq\" data-brz-custom-id=\"reWkKOzDBhrP\">\n<div class=\"brz-row brz-css-10gxbk1 brz-css-xpcpd8 brz-css-1o0enty\">\n<div class=\"brz-columns brz-css-x6yac9 brz-css-pkgcvx\" data-brz-custom-id=\"nQvBz1YxRQRZ\">\n<div class=\"brz-column__items brz-css-178iuy7 brz-css-1eeg267\">\n<div id=\"\" class=\"brz-css-1evx3l5 brz-css-1t9axzt brz-wrapper\">\n<div class=\"brz-rich-text brz-rich-text__custom brz-css-ron2ph brz-css-tbbcx1\" data-brz-custom-id=\"zkZ6Cn9Ejogb\">\n<div data-brz-translate-text=\"1\">\n<h6 class=\"brz-text-lg-right brz-tp-lg-heading6 brz-text-xs-left brz-css-o6MLH\" data-uniq-id=\"wusot\" data-generated-css=\"brz-css-tubra\">Company<\/h6>\n<\/div>\n<\/div>\n<\/div>\n<\/div>\n<\/div>\n<div class=\"brz-columns brz-css-x6yac9 brz-css-1ns6vsg\" data-brz-custom-id=\"x9ViC7U7kAVu\">\n<div class=\"brz-column__items brz-css-178iuy7 brz-css-qcfaqi\">\n<div id=\"\" class=\"brz-css-1evx3l5 brz-css-ubia1h brz-wrapper\">\n<div class=\"brz-rich-text brz-rich-text__custom brz-css-ron2ph brz-css-4rj190\" data-brz-custom-id=\"eSRZjrzh7_z9\">\n<div data-brz-translate-text=\"1\">\n<p class=\"brz-tp-lg-paragraph brz-css-pK_QD\" data-uniq-id=\"vdFIV\" data-generated-css=\"brz-css-vC40A\"><span class=\"brz-cp-color7\">JoWi GmbH<\/span><\/p>\n<p class=\"brz-tp-lg-paragraph brz-css-bRjYD\" data-uniq-id=\"vdFIV\" data-generated-css=\"brz-css-vC40A\"><span class=\"brz-cp-color7\">UID: ATU81129707 <\/span><\/p>\n<\/div>\n<\/div>\n<\/div>\n<\/div>\n<\/div>\n<\/div>\n<\/div>\n<div class=\"brz-row__container brz-css-tro1kh brz-css-mdnwv\" data-brz-custom-id=\"zoaMJAoJ7QtM\">\n<div class=\"brz-row brz-css-10gxbk1 brz-css-xpcpd8 brz-css-8ogl6j\">\n<div class=\"brz-columns brz-css-x6yac9 brz-css-12wtek7\" data-brz-custom-id=\"jv96G2I1zSEq\">\n<div class=\"brz-column__items brz-css-178iuy7 brz-css-6s9fmq\">\n<div id=\"\" class=\"brz-css-1evx3l5 brz-css-o9jpjh brz-wrapper\">\n<div class=\"brz-rich-text brz-rich-text__custom brz-css-ron2ph brz-css-xu6cvc\" data-brz-custom-id=\"gKuc81ZGxtIR\">\n<div data-brz-translate-text=\"1\">\n<h6 class=\"brz-text-xs-left brz-tp-lg-heading6 brz-text-lg-right brz-css-uYFjY\" data-generated-css=\"brz-css-otfnm\" data-uniq-id=\"yjcuh\">Location &amp; Contact<\/h6>\n<\/div>\n<\/div>\n<\/div>\n<\/div>\n<\/div>\n<div class=\"brz-columns brz-css-x6yac9 brz-css-rrygq9\" data-brz-custom-id=\"wIZVdqwPOadh\">\n<div class=\"brz-column__items brz-css-178iuy7 brz-css-i3hdh5\">\n<div id=\"\" class=\"brz-css-1evx3l5 brz-css-1gn9mfm brz-wrapper\">\n<div class=\"brz-rich-text brz-rich-text__custom brz-css-ron2ph brz-css-1ucsqv3\" data-brz-custom-id=\"ePojhmuI6ykL\">\n<div data-brz-translate-text=\"1\">\n<p class=\"brz-tp-lg-paragraph brz-css-v1wTl\" data-uniq-id=\"fhrHC\" data-generated-css=\"brz-css-eZQXi\"><span class=\"brz-cp-color7\">Karlsbader Stra\u00dfe 11<\/span><\/p>\n<p class=\"brz-tp-lg-paragraph brz-css-my0SP\" data-uniq-id=\"h64h9\" data-generated-css=\"brz-css-yeOcE\"><span class=\"brz-cp-color7\">5020 Salzburg<\/span><\/p>\n<p class=\"brz-tp-lg-paragraph brz-css-t1a9C\" data-uniq-id=\"tj4hg\" data-generated-css=\"brz-css-apUUF\"><a class=\"brz-cp-color7 link--external\" href=\"tel:+43-664-4157629\" data-brz-link-type=\"external\"> +43-664-4157629<\/a><\/p>\n<p class=\"brz-tp-lg-paragraph brz-css-xJS9K\" data-uniq-id=\"on7jQ\" data-generated-css=\"brz-css-i283A\"><a class=\"brz-cp-color7 link--external\" href=\"mailto:office@jowi-trans.com\" data-brz-link-type=\"external\" target=\"_blank\" rel=\"noreferrer noopener\">office<\/a><a class=\"brz-cp-color7 brz-pre-population-visible link--external\" href=\"mailto:office@jowi-trans.com\" data-brz-link-type=\"external\" target=\"_blank\" rel=\"noreferrer noopener\">@jowi-trans.com<\/a><\/p>\n<\/div>\n<\/div>\n<\/div>\n<\/div>\n<\/div>\n<\/div>\n<\/div>\n<div id=\"\" class=\"brz-css-1evx3l5 brz-css-ecmosz brz-css-m1gf3r brz-wrapper\">\n<div class=\"brz-spacer brz-css-1s3tunr brz-css-115fjsy\"><\/div>\n<\/div>\n<div class=\"brz-row__container brz-css-tro1kh brz-css-6ygz4e\" data-brz-custom-id=\"jkpMcOQh4vpC\">\n<div class=\"brz-row brz-css-10gxbk1 brz-css-xpcpd8 brz-css-fq8yk3\">\n<div class=\"brz-columns brz-css-x6yac9 brz-css-2s98py\" data-brz-custom-id=\"guHZe_z9WOSN\">\n<div class=\"brz-column__items brz-css-178iuy7 brz-css-1p1fvzg\">\n<div id=\"\" class=\"brz-css-1evx3l5 brz-css-19czd7k brz-wrapper\">\n<div class=\"brz-rich-text brz-rich-text__custom brz-css-ron2ph brz-css-y3qxq\" data-brz-custom-id=\"oFAbngSRnj6g\">\n<div data-brz-translate-text=\"1\">\n<h6 class=\"brz-text-lg-right brz-tp-lg-heading6 brz-text-xs-left brz-css-jZPiq\" data-uniq-id=\"m1PnV\" data-generated-css=\"brz-css-zsVnP\">Business license<\/h6>\n<\/div>\n<\/div>\n<\/div>\n<\/div>\n<\/div>\n<div class=\"brz-columns brz-css-x6yac9 brz-css-1bbhh6q\" data-brz-custom-id=\"rtCcesb5OtxV\">\n<div class=\"brz-column__items brz-css-178iuy7 brz-css-13y0pdo\">\n<div id=\"\" class=\"brz-css-1evx3l5 brz-css-1bcndxt brz-wrapper\">\n<div class=\"brz-rich-text brz-rich-text__custom brz-css-ron2ph brz-css-14zljae\" data-brz-custom-id=\"w5gYc4LqWK4J\">\n<div data-brz-translate-text=\"1\">\n<p data-generated-css=\"brz-css-lDBeS\" data-uniq-id=\"bkq4H\" class=\"brz-tp-lg-paragraph brz-css-qLt_N\"><span class=\"brz-cp-color7\">\u00dcberstellung von Kraftfahrzeugen auf der eigenen Achse <\/span><\/p>\n<p class=\"brz-tp-lg-paragraph brz-css-srUUn\" data-generated-css=\"brz-css-lDBeS\" data-uniq-id=\"bkq4H\"><span class=\"brz-cp-color7\">(Lenken von Kraftfahrzeugen zum Zweck deren \u00dcberstellung)<\/span><\/p>\n<p class=\"brz-tp-lg-paragraph brz-css-eNfT8\" data-generated-css=\"brz-css-gEfqZ\" data-uniq-id=\"onTBN\"><span class=\"brz-cp-color7\">Gisa number: 17763011<\/span><\/p>\n<p class=\"brz-tp-lg-paragraph brz-css-eVki6\" data-generated-css=\"brz-css-qLxV6\" data-uniq-id=\"rpjsY\"><span class=\"brz-cp-color7\">GLN:&nbsp;9110009931517<\/span><\/p>\n<\/div>\n<\/div>\n<\/div>\n<\/div>\n<\/div>\n<\/div>\n<\/div>\n<div id=\"\" class=\"brz-css-1evx3l5 brz-css-ecmosz brz-css-jtxuuj brz-wrapper\">\n<div class=\"brz-spacer brz-css-1s3tunr brz-css-7k2xft\"><\/div>\n<\/div>\n<div class=\"brz-row__container brz-css-tro1kh brz-css-ibp9pu\" data-brz-custom-id=\"jkTuojA3gUjb\">\n<div class=\"brz-row brz-css-10gxbk1 brz-css-xpcpd8 brz-css-ss6vxc\">\n<div class=\"brz-columns brz-css-x6yac9 brz-css-w5le1v\" data-brz-custom-id=\"ozKVcQcO0Wkf\">\n<div class=\"brz-column__items brz-css-178iuy7 brz-css-1fox2bf\">\n<div id=\"\" class=\"brz-css-1evx3l5 brz-css-1sxox1b brz-wrapper\">\n<div class=\"brz-rich-text brz-rich-text__custom brz-css-ron2ph brz-css-bz0d9h\" data-brz-custom-id=\"fw6ZhQdv8o5D\">\n<div data-brz-translate-text=\"1\">\n<h6 class=\"brz-text-lg-right brz-tp-lg-heading6 brz-text-xs-left brz-css-lvgxc\" data-uniq-id=\"vmncf\" data-generated-css=\"brz-css-hpxki\">Memberships<\/h6>\n<\/div>\n<\/div>\n<\/div>\n<\/div>\n<\/div>\n<div class=\"brz-columns brz-css-x6yac9 brz-css-mfofdz\" data-brz-custom-id=\"mXonot3_ukOi\">\n<div class=\"brz-column__items brz-css-178iuy7 brz-css-hq1ein\">\n<div id=\"\" class=\"brz-css-1evx3l5 brz-css-1bfpsxw brz-wrapper\">\n<div class=\"brz-rich-text brz-rich-text__custom brz-css-ron2ph brz-css-knc578\" data-brz-custom-id=\"mI7gcZbaSnre\">\n<div data-brz-translate-text=\"1\">\n<p class=\"brz-tp-lg-paragraph brz-css-z2sIJ\" data-generated-css=\"brz-css-sFJnD\" data-uniq-id=\"vv7xG\"><span class=\"brz-cp-color7\">Allgemeiner Verkehr<\/span><\/p>\n<\/div>\n<\/div>\n<\/div>\n<\/div>\n<\/div>\n<\/div>\n<\/div>\n<div class=\"brz-row__container brz-css-tro1kh brz-css-15h6mv7\" data-brz-custom-id=\"qBi4QurGbsso\">\n<div class=\"brz-row brz-css-10gxbk1 brz-css-xpcpd8 brz-css-ceyc0i\">\n<div class=\"brz-columns brz-css-x6yac9 brz-css-1p8vx3u\" data-brz-custom-id=\"g4tzJzUKv0MV\">\n<div class=\"brz-column__items brz-css-178iuy7 brz-css-17daw9n\">\n<div id=\"\" class=\"brz-css-1evx3l5 brz-css-9s81wk brz-wrapper\">\n<div class=\"brz-rich-text brz-rich-text__custom brz-css-ron2ph brz-css-1eiqom9\" data-brz-custom-id=\"sIWBVUGQEMp8\">\n<div data-brz-translate-text=\"1\">\n<h6 class=\"brz-text-xs-left brz-tp-lg-heading6 brz-text-lg-right brz-css-kpOgp\" data-generated-css=\"brz-css-vhysr\" data-uniq-id=\"cfcnp\">Applicable legislation<\/h6>\n<\/div>\n<\/div>\n<\/div>\n<\/div>\n<\/div>\n<div class=\"brz-columns brz-css-x6yac9 brz-css-1iju458\" data-brz-custom-id=\"rXPDtsFeH6jB\">\n<div class=\"brz-column__items brz-css-178iuy7 brz-css-zdllg7\">\n<div id=\"\" class=\"brz-css-1evx3l5 brz-css-1uz2w61 brz-wrapper\">\n<div class=\"brz-rich-text brz-rich-text__custom brz-css-ron2ph brz-css-96a2v7\" data-brz-custom-id=\"rcEMYivVccys\">\n<div data-brz-translate-text=\"1\">\n<p class=\"brz-tp-lg-paragraph brz-css-wJWBQ\" data-generated-css=\"brz-css-yinja\" data-uniq-id=\"zntzp\"><span class=\"brz-cp-color7\">Professional law, trade regulations: www.ris.bka.gv.at<\/span><\/p>\n<\/div>\n<\/div>\n<\/div>\n<\/div>\n<\/div>\n<\/div>\n<\/div>\n<div class=\"brz-row__container brz-css-tro1kh brz-css-hj01t4\" data-brz-custom-id=\"eB08Z5Ogt_MA\">\n<div class=\"brz-row brz-css-10gxbk1 brz-css-xpcpd8 brz-css-1v8t8g8\">\n<div class=\"brz-columns brz-css-x6yac9 brz-css-1nylai5\" data-brz-custom-id=\"m6Ty3yJP4bNN\">\n<div class=\"brz-column__items brz-css-178iuy7 brz-css-u8jab\">\n<div id=\"\" class=\"brz-css-1evx3l5 brz-css-yad6zs brz-wrapper\">\n<div class=\"brz-rich-text brz-rich-text__custom brz-css-ron2ph brz-css-10pejww\" data-brz-custom-id=\"ufmLvOtjeIn_\">\n<div data-brz-translate-text=\"1\">\n<h6 class=\"brz-text-lg-right brz-tp-lg-heading6 brz-text-xs-left brz-css-oJBfT\" data-uniq-id=\"ejtpc\" data-generated-css=\"brz-css-grmtd\">Supervisory authority\/<\/h6>\n<h6 class=\"brz-text-lg-right brz-tp-lg-heading6 brz-text-xs-left brz-css-vu9ky\" data-uniq-id=\"ejtpc\" data-generated-css=\"brz-css-grmtd\">Trade Authority<\/h6>\n<\/div>\n<\/div>\n<\/div>\n<\/div>\n<\/div>\n<div class=\"brz-columns brz-css-x6yac9 brz-css-5125jn\" data-brz-custom-id=\"vkkRDafxfSVx\">\n<div class=\"brz-column__items brz-css-178iuy7 brz-css-bu9t55\">\n<div id=\"\" class=\"brz-css-1evx3l5 brz-css-c1y2pn brz-wrapper\">\n<div class=\"brz-rich-text brz-rich-text__custom brz-css-ron2ph brz-css-1id773x\" data-brz-custom-id=\"bm4CGVbQsGQx\">\n<div data-brz-translate-text=\"1\">\n<p class=\"brz-tp-lg-paragraph brz-css-xOOtC\" data-generated-css=\"brz-css-cECvw\" data-uniq-id=\"oJTfK\"><span class=\"brz-cp-color7\">District administration Salzburg Land<\/span><\/p>\n<\/div>\n<\/div>\n<\/div>\n<\/div>\n<\/div>\n<\/div>\n<\/div>\n<div class=\"brz-row__container brz-css-tro1kh brz-css-x6f406\" data-brz-custom-id=\"cZygJCyD_8h0\">\n<div class=\"brz-row brz-css-10gxbk1 brz-css-xpcpd8 brz-css-ta6a5u\">\n<div class=\"brz-columns brz-css-x6yac9 brz-css-k2vphf\" data-brz-custom-id=\"fyz822UW3c4P\">\n<div class=\"brz-column__items brz-css-178iuy7 brz-css-13omwzo\">\n<div id=\"\" class=\"brz-css-1evx3l5 brz-css-uzqevs brz-wrapper\">\n<div class=\"brz-rich-text brz-rich-text__custom brz-css-ron2ph brz-css-60y9gl\" data-brz-custom-id=\"eK9TognakM54\">\n<div data-brz-translate-text=\"1\">\n<h6 class=\"brz-text-xs-left brz-tp-lg-heading6 brz-text-lg-right brz-css-kbtsD\" data-generated-css=\"brz-css-wmgbq\" data-uniq-id=\"bcapr\">Job title<\/h6>\n<\/div>\n<\/div>\n<\/div>\n<\/div>\n<\/div>\n<div class=\"brz-columns brz-css-x6yac9 brz-css-18a4lqb\" data-brz-custom-id=\"nkvIJw77zC9f\">\n<div class=\"brz-column__items brz-css-178iuy7 brz-css-xt5vd7\">\n<div id=\"\" class=\"brz-css-1evx3l5 brz-css-1v5jhwn brz-wrapper\">\n<div class=\"brz-rich-text brz-rich-text__custom brz-css-ron2ph brz-css-1at23m0\" data-brz-custom-id=\"d2Upryz93MLh\">\n<div data-brz-translate-text=\"1\">\n<p class=\"brz-tp-lg-paragraph brz-css-dNoEA\" data-uniq-id=\"tqJUI\" data-generated-css=\"brz-css-iq3Ov\"><span class=\"brz-cp-color7\">Auxiliary and ancillary business ventures in the field of transport<\/span><\/p>\n<\/div>\n<\/div>\n<\/div>\n<\/div>\n<\/div>\n<\/div>\n<\/div>\n<div class=\"brz-row__container brz-css-tro1kh brz-css-5pzhuu\" data-brz-custom-id=\"vyr3jD8iZkXg\">\n<div class=\"brz-row brz-css-10gxbk1 brz-css-xpcpd8 brz-css-1gxze8z\">\n<div class=\"brz-columns brz-css-x6yac9 brz-css-1g2bugv\" data-brz-custom-id=\"aGBGRp4GYdlQ\">\n<div class=\"brz-column__items brz-css-178iuy7 brz-css-13ggov6\">\n<div id=\"\" class=\"brz-css-1evx3l5 brz-css-14b1urc brz-wrapper\">\n<div class=\"brz-rich-text brz-rich-text__custom brz-css-ron2ph brz-css-1nlesaq\" data-brz-custom-id=\"pYHGCBtOGL4G\">\n<div data-brz-translate-text=\"1\">\n<h6 class=\"brz-text-xs-left brz-tp-lg-heading6 brz-text-lg-right brz-css-fMFj3\" data-generated-css=\"brz-css-qcnqi\" data-uniq-id=\"suumq\">Information on online dispute resolution<\/h6>\n<\/div>\n<\/div>\n<\/div>\n<\/div>\n<\/div>\n<div class=\"brz-columns brz-css-x6yac9 brz-css-hrl9yg\" data-brz-custom-id=\"qA4oWQ5pOr93\">\n<div class=\"brz-column__items brz-css-178iuy7 brz-css-1jsat64\">\n<div id=\"\" class=\"brz-css-1evx3l5 brz-css-nyluxx brz-wrapper\">\n<div class=\"brz-rich-text brz-rich-text__custom brz-css-ron2ph brz-css-1ywg0qk\" data-brz-custom-id=\"kvSLaG4QrZUb\">\n<div data-brz-translate-text=\"1\">\n<p class=\"brz-tp-lg-paragraph brz-css-z5k4Q\" data-generated-css=\"brz-css-fazix\" data-uniq-id=\"dpwfm\"><span class=\"brz-cp-color7\">Consumers have the opportunity to submit complaints to the EU's online dispute resolution platform: http:\/\/ec.europa.eu\/odr.<\/span><\/p>\n<p class=\"brz-tp-lg-paragraph brz-css-fw1nm\" data-generated-css=\"brz-css-ynsbb\" data-uniq-id=\"ogyly\"><span class=\"brz-cp-color7\">You can also address any complaints to the email address provided above.<\/span><\/p>\n<\/div>\n<\/div>\n<\/div>\n<\/div>\n<\/div>\n<\/div>\n<\/div>\n<\/div>\n<\/div>\n<\/section><\/div>\n<p><!-- version:1761205854 --><\/p>","protected":false},"excerpt":{"rendered":"<p>Impressum Nach \u00a75 ECG Unternehmen JoWi GmbH UID: ATU81129707 Standort &amp; Kontakt Karlsbader Stra\u00dfe 11 5020 Salzburg +43-664-4157629 office@jowi-trans.com Gewerbeberechtigung \u00dcberstellung von Kraftfahrzeugen auf der eigenen Achse (Lenken von Kraftfahrzeugen zum Zweck deren \u00dcberstellung) Gisa Zahl: 17763011 GLN:&nbsp;9110009931517 Mitgliedschaften Allgemeiner Verkehr Anwendbare Rechtsvorschriften Berufsrecht, Gewerbeordnung: www.ris.bka.gv.at Aufsichtsbeh\u00f6rde\/ Gewerbebeh\u00f6rde Bezirkshauptmannschaft Salzburg Land Berufsbezeichnung Hilfs- und Nebenbetriebsunternehmungen [&hellip;]<\/p>\n","protected":false},"author":1,"featured_media":0,"parent":0,"menu_order":0,"comment_status":"closed","ping_status":"closed","template":"brizy-blank-template.php","meta":{"footnotes":""},"class_list":["post-230","page","type-page","status-publish","hentry"],"blocksy_meta":[],"yoast_head":"<!-- This site is optimized with the Yoast SEO plugin v27.4 - https:\/\/yoast.com\/product\/yoast-seo-wordpress\/ -->\n<title>JoWi GmbH - Impressum<\/title>\n<meta name=\"description\" content=\"Impressum der JoWi GmbH, Ihrem Partner f\u00fcr Fahrzeug\u00fcberstellungen durch ganz Europa.\" \/>\n<meta name=\"robots\" content=\"index, follow, max-snippet:-1, max-image-preview:large, max-video-preview:-1\" \/>\n<link rel=\"canonical\" href=\"https:\/\/www.jowi-trans.com\/en\/impressum\/\" \/>\n<meta property=\"og:locale\" content=\"en_GB\" \/>\n<meta property=\"og:type\" content=\"article\" \/>\n<meta property=\"og:title\" content=\"JoWi GmbH - Impressum\" \/>\n<meta property=\"og:description\" content=\"Impressum der JoWi GmbH, Ihrem Partner f\u00fcr Fahrzeug\u00fcberstellungen durch ganz Europa.\" \/>\n<meta property=\"og:url\" content=\"https:\/\/www.jowi-trans.com\/en\/impressum\/\" \/>\n<meta property=\"og:site_name\" content=\"JoWi Trans\" \/>\n<meta property=\"article:modified_time\" content=\"2026-04-07T00:09:19+00:00\" \/>\n<meta name=\"twitter:card\" content=\"summary_large_image\" \/>\n<meta name=\"twitter:label1\" content=\"Estimated reading time\" \/>\n\t<meta name=\"twitter:data1\" content=\"1 minute\" \/>\n<script type=\"application\/ld+json\" class=\"yoast-schema-graph\">{\"@context\":\"https:\\\/\\\/schema.org\",\"@graph\":[{\"@type\":\"WebPage\",\"@id\":\"https:\\\/\\\/www.jowi-trans.com\\\/impressum\\\/\",\"url\":\"https:\\\/\\\/www.jowi-trans.com\\\/impressum\\\/\",\"name\":\"JoWi GmbH - Impressum\",\"isPartOf\":{\"@id\":\"https:\\\/\\\/www.jowi-trans.com\\\/#website\"},\"datePublished\":\"2024-02-28T09:04:20+00:00\",\"dateModified\":\"2026-04-07T00:09:19+00:00\",\"description\":\"Impressum der JoWi GmbH, Ihrem Partner f\u00fcr Fahrzeug\u00fcberstellungen durch ganz Europa.\",\"breadcrumb\":{\"@id\":\"https:\\\/\\\/www.jowi-trans.com\\\/impressum\\\/#breadcrumb\"},\"inLanguage\":\"en-GB\",\"potentialAction\":[{\"@type\":\"ReadAction\",\"target\":[\"https:\\\/\\\/www.jowi-trans.com\\\/impressum\\\/\"]}]},{\"@type\":\"BreadcrumbList\",\"@id\":\"https:\\\/\\\/www.jowi-trans.com\\\/impressum\\\/#breadcrumb\",\"itemListElement\":[{\"@type\":\"ListItem\",\"position\":1,\"name\":\"Startseite\",\"item\":\"https:\\\/\\\/www.jowi-trans.com\\\/\"},{\"@type\":\"ListItem\",\"position\":2,\"name\":\"Impressum\"}]},{\"@type\":\"WebSite\",\"@id\":\"https:\\\/\\\/www.jowi-trans.com\\\/#website\",\"url\":\"https:\\\/\\\/www.jowi-trans.com\\\/\",\"name\":\"JoWi Trans\",\"description\":\"Ihr Experte f\u00fcr die \u00dcberstellung von Fahrzeugen auf eigener Achse\",\"potentialAction\":[{\"@type\":\"SearchAction\",\"target\":{\"@type\":\"EntryPoint\",\"urlTemplate\":\"https:\\\/\\\/www.jowi-trans.com\\\/?s={search_term_string}\"},\"query-input\":{\"@type\":\"PropertyValueSpecification\",\"valueRequired\":true,\"valueName\":\"search_term_string\"}}],\"inLanguage\":\"en-GB\"}]}<\/script>\n<!-- \/ Yoast SEO plugin. -->","yoast_head_json":{"title":"JoWi GmbH - Impressum","description":"Impressum der JoWi GmbH, Ihrem Partner f\u00fcr Fahrzeug\u00fcberstellungen durch ganz Europa.","robots":{"index":"index","follow":"follow","max-snippet":"max-snippet:-1","max-image-preview":"max-image-preview:large","max-video-preview":"max-video-preview:-1"},"canonical":"https:\/\/www.jowi-trans.com\/en\/impressum\/","og_locale":"en_GB","og_type":"article","og_title":"JoWi GmbH - Impressum","og_description":"Impressum der JoWi GmbH, Ihrem Partner f\u00fcr Fahrzeug\u00fcberstellungen durch ganz Europa.","og_url":"https:\/\/www.jowi-trans.com\/en\/impressum\/","og_site_name":"JoWi Trans","article_modified_time":"2026-04-07T00:09:19+00:00","twitter_card":"summary_large_image","twitter_misc":{"Estimated reading time":"1 minute"},"schema":{"@context":"https:\/\/schema.org","@graph":[{"@type":"WebPage","@id":"https:\/\/www.jowi-trans.com\/impressum\/","url":"https:\/\/www.jowi-trans.com\/impressum\/","name":"JoWi GmbH - Impressum","isPartOf":{"@id":"https:\/\/www.jowi-trans.com\/#website"},"datePublished":"2024-02-28T09:04:20+00:00","dateModified":"2026-04-07T00:09:19+00:00","description":"Impressum der JoWi GmbH, Ihrem Partner f\u00fcr Fahrzeug\u00fcberstellungen durch ganz Europa.","breadcrumb":{"@id":"https:\/\/www.jowi-trans.com\/impressum\/#breadcrumb"},"inLanguage":"en-GB","potentialAction":[{"@type":"ReadAction","target":["https:\/\/www.jowi-trans.com\/impressum\/"]}]},{"@type":"BreadcrumbList","@id":"https:\/\/www.jowi-trans.com\/impressum\/#breadcrumb","itemListElement":[{"@type":"ListItem","position":1,"name":"Startseite","item":"https:\/\/www.jowi-trans.com\/"},{"@type":"ListItem","position":2,"name":"Impressum"}]},{"@type":"WebSite","@id":"https:\/\/www.jowi-trans.com\/#website","url":"https:\/\/www.jowi-trans.com\/","name":"JoWi Trans","description":"Ihr Experte f\u00fcr die \u00dcberstellung von Fahrzeugen auf eigener Achse","potentialAction":[{"@type":"SearchAction","target":{"@type":"EntryPoint","urlTemplate":"https:\/\/www.jowi-trans.com\/?s={search_term_string}"},"query-input":{"@type":"PropertyValueSpecification","valueRequired":true,"valueName":"search_term_string"}}],"inLanguage":"en-GB"}]}},"brizy_media":[],"_links":{"self":[{"href":"https:\/\/www.jowi-trans.com\/en\/wp-json\/wp\/v2\/pages\/230","targetHints":{"allow":["GET"]}}],"collection":[{"href":"https:\/\/www.jowi-trans.com\/en\/wp-json\/wp\/v2\/pages"}],"about":[{"href":"https:\/\/www.jowi-trans.com\/en\/wp-json\/wp\/v2\/types\/page"}],"author":[{"embeddable":true,"href":"https:\/\/www.jowi-trans.com\/en\/wp-json\/wp\/v2\/users\/1"}],"replies":[{"embeddable":true,"href":"https:\/\/www.jowi-trans.com\/en\/wp-json\/wp\/v2\/comments?post=230"}],"version-history":[{"count":17,"href":"https:\/\/www.jowi-trans.com\/en\/wp-json\/wp\/v2\/pages\/230\/revisions"}],"predecessor-version":[{"id":1899,"href":"https:\/\/www.jowi-trans.com\/en\/wp-json\/wp\/v2\/pages\/230\/revisions\/1899"}],"wp:attachment":[{"href":"https:\/\/www.jowi-trans.com\/en\/wp-json\/wp\/v2\/media?parent=230"}],"curies":[{"name":"wp","href":"https:\/\/api.w.org\/{rel}","templated":true}]}}